{"id":486,"date":"2026-05-03T14:44:31","date_gmt":"2026-05-03T11:44:31","guid":{"rendered":"https:\/\/nyj70.com\/?page_id=486"},"modified":"2026-05-04T10:45:14","modified_gmt":"2026-05-04T07:45:14","slug":"j-70-turkiye-turunun-2026-yili-2-ayak-sonuclari","status":"publish","type":"page","link":"https:\/\/nyj70.com\/tr\/j-70-turkiye-turunun-2026-yili-2-ayak-sonuclari\/","title":{"rendered":"J\/70 T\u00fcrkiye Turu\u2019nun 2026 y\u0131l\u0131 2. Ayak Sonu\u00e7lar\u0131"},"content":{"rendered":"","protected":false},"excerpt":{"rendered":"","protected":false},"author":1,"featured_media":0,"parent":0,"menu_order":0,"comment_status":"closed","ping_status":"closed","template":"","meta":{"footnotes":""},"class_list":["post-486","page","type-page","status-publish","hentry"],"_links":{"self":[{"href":"https:\/\/nyj70.com\/tr\/wp-json\/wp\/v2\/pages\/486","targetHints":{"allow":["GET"]}}],"collection":[{"href":"https:\/\/nyj70.com\/tr\/wp-json\/wp\/v2\/pages"}],"about":[{"href":"https:\/\/nyj70.com\/tr\/wp-json\/wp\/v2\/types\/page"}],"author":[{"embeddable":true,"href":"https:\/\/nyj70.com\/tr\/wp-json\/wp\/v2\/users\/1"}],"replies":[{"embeddable":true,"href":"https:\/\/nyj70.com\/tr\/wp-json\/wp\/v2\/comments?post=486"}],"version-history":[{"count":2,"href":"https:\/\/nyj70.com\/tr\/wp-json\/wp\/v2\/pages\/486\/revisions"}],"predecessor-version":[{"id":489,"href":"https:\/\/nyj70.com\/tr\/wp-json\/wp\/v2\/pages\/486\/revisions\/489"}],"wp:attachment":[{"href":"https:\/\/nyj70.com\/tr\/wp-json\/wp\/v2\/media?parent=486"}],"curies":[{"name":"wp","href":"https:\/\/api.w.org\/{rel}","templated":true}]}}