{"id":411,"date":"2024-10-18T09:44:57","date_gmt":"2024-10-18T06:44:57","guid":{"rendered":"https:\/\/nyj70.com\/?page_id=411"},"modified":"2024-10-18T13:06:32","modified_gmt":"2024-10-18T10:06:32","slug":"j-70-turkiye-turunun-2024-yili-4-ayak-sonuclari","status":"publish","type":"page","link":"https:\/\/nyj70.com\/tr\/j-70-turkiye-turunun-2024-yili-4-ayak-sonuclari\/","title":{"rendered":"J\/70 T\u00fcrkiye Turu\u2019nun 2024 y\u0131l\u0131 4. Ayak Sonu\u00e7lar\u0131"},"content":{"rendered":"","protected":false},"excerpt":{"rendered":"","protected":false},"author":1,"featured_media":0,"parent":0,"menu_order":0,"comment_status":"closed","ping_status":"closed","template":"","meta":{"footnotes":""},"class_list":["post-411","page","type-page","status-publish","hentry"],"_links":{"self":[{"href":"https:\/\/nyj70.com\/tr\/wp-json\/wp\/v2\/pages\/411","targetHints":{"allow":["GET"]}}],"collection":[{"href":"https:\/\/nyj70.com\/tr\/wp-json\/wp\/v2\/pages"}],"about":[{"href":"https:\/\/nyj70.com\/tr\/wp-json\/wp\/v2\/types\/page"}],"author":[{"embeddable":true,"href":"https:\/\/nyj70.com\/tr\/wp-json\/wp\/v2\/users\/1"}],"replies":[{"embeddable":true,"href":"https:\/\/nyj70.com\/tr\/wp-json\/wp\/v2\/comments?post=411"}],"version-history":[{"count":2,"href":"https:\/\/nyj70.com\/tr\/wp-json\/wp\/v2\/pages\/411\/revisions"}],"predecessor-version":[{"id":419,"href":"https:\/\/nyj70.com\/tr\/wp-json\/wp\/v2\/pages\/411\/revisions\/419"}],"wp:attachment":[{"href":"https:\/\/nyj70.com\/tr\/wp-json\/wp\/v2\/media?parent=411"}],"curies":[{"name":"wp","href":"https:\/\/api.w.org\/{rel}","templated":true}]}}